{"id":3229,"date":"2015-06-10T14:57:35","date_gmt":"2015-06-10T07:57:35","guid":{"rendered":"https:\/\/io.telkomuniversity.ac.id\/?page_id=3229"},"modified":"2015-07-01T10:37:24","modified_gmt":"2015-07-01T03:37:24","slug":"germany","status":"publish","type":"page","link":"https:\/\/io.telkomuniversity.ac.id\/id\/germany\/","title":{"rendered":"Germany"},"content":{"rendered":"<p style=\"text-align: justify;\"><a href=\"https:\/\/io.telkomuniversity.ac.id\/wp-content\/uploads\/2015\/06\/Top-Universities-in-Germany-by-State-2014-15.jpg\"><img loading=\"lazy\" decoding=\"async\" class=\"alignnone  wp-image-3231\" src=\"https:\/\/io.telkomuniversity.ac.id\/wp-content\/uploads\/2015\/06\/Top-Universities-in-Germany-by-State-2014-15.jpg\" alt=\"Top Universities in Germany by State 2014-15\" width=\"923\" height=\"427\" srcset=\"https:\/\/io.telkomuniversity.ac.id\/wp-content\/uploads\/2015\/06\/Top-Universities-in-Germany-by-State-2014-15.jpg 700w, https:\/\/io.telkomuniversity.ac.id\/wp-content\/uploads\/2015\/06\/Top-Universities-in-Germany-by-State-2014-15-300x139.jpg 300w, https:\/\/io.telkomuniversity.ac.id\/wp-content\/uploads\/2015\/06\/Top-Universities-in-Germany-by-State-2014-15-255x118.jpg 255w\" sizes=\"auto, (max-width: 923px) 100vw, 923px\" \/><br \/>\n<\/a>Located in central Europe, Germany is made up of the North German Plain, the Central German Uplands (Mittelgebirge), and the Southern German Highlands. The Bavarian plateau in the southwest averages 1,600 ft (488 m) above sea level, but it reaches 9,721 ft (2,962 m) in the Zugspitze Mountains, the highest point in the country. Germany&#8217;s major rivers are the Danube, the Elbe, the Oder, the Weser, and the Rhine. Germany is about the size of Montana.<\/p>\n<h1 class=\"level3\" style=\"text-align: justify;\">History<\/h1>\n<p style=\"text-align: justify;\">The Celts are believed to have been the first inhabitants of Germany. They were followed by German tribes at the end of the 2nd century <span class=\"small\">B.C.<\/span> German invasions destroyed the declining Roman Empire in the 4th and 5th centuries<span class=\"small\">A.D.<\/span> One of the tribes, the Franks, attained supremacy in western Europe under Charlemagne, who was crowned Holy Roman Emperor in 800. By the Treaty of Verdun (843), Charlemagne&#8217;s lands east of the Rhine were ceded to the German Prince Louis. Additional territory acquired by the Treaty of Mersen (870) gave Germany approximately the area it maintained throughout the Middle Ages. For several centuries after Otto the Great was crowned king in 936, German rulers were also usually heads of the Holy Roman Empire.<\/p>\n<p style=\"text-align: justify;\">By the 14th century, the Holy Roman Empire was little more than a loose federation of the German princes who elected the Holy Roman Emperor. In 1438, Albert of Hapsburg became emperor, and for the next several centuries the Hapsburg line ruled the Holy Roman Empire until its decline in 1806. Relations between state and church were changed by the Reformation, which began with Martin Luther&#8217;s 95 theses, and came to a head in 1547, when Charles V scattered the forces of the Protestant League at M\u00fchlberg. The Counter-Reformation followed. A dispute over the succession to the Bohemian throne brought on the Thirty Years&#8217; War (1618\u20131648), which devastated Germany and left the empire divided into hundreds of small principalities virtually independent of the emperor.<\/p>\n<h1 class=\"level3\" style=\"text-align: justify;\">Education<\/h1>\n<p style=\"text-align: justify;\">The\u00a0<strong>educational system of Germany<\/strong>\u00a0is underlying to continuous changes and reforms. Main point in the last years was the reorganization of the Gymnasium. The nine year education was changed into an eight year education to get the Abitur. Furthermore, the academic system had changed because of the Bologna reform. The degrees obtained are now called Bachelor and Master.<\/p>\n<p style=\"text-align: justify;\"><a href=\"http:\/\/www.studying-in-germany.org\/german-education-system\/\">Studying in German<\/a><\/p>\n<ol>\n<li>\n<h2>Top universities in North Rhine-Westphalia<\/h2>\n<p style=\"text-align: justify;\"><a href=\"https:\/\/io.telkomuniversity.ac.id\/wp-content\/uploads\/2015\/06\/Cologne-North-Rhine-Westphalia-e1433924179444.jpg\"><img loading=\"lazy\" decoding=\"async\" class=\"size-full wp-image-3233 alignleft\" src=\"https:\/\/io.telkomuniversity.ac.id\/wp-content\/uploads\/2015\/06\/Cologne-North-Rhine-Westphalia-e1433924179444.jpg\" alt=\"Cologne, North Rhine-Westphalia\" width=\"497\" height=\"273\" srcset=\"https:\/\/io.telkomuniversity.ac.id\/wp-content\/uploads\/2015\/06\/Cologne-North-Rhine-Westphalia-e1433924179444.jpg 497w, https:\/\/io.telkomuniversity.ac.id\/wp-content\/uploads\/2015\/06\/Cologne-North-Rhine-Westphalia-e1433924179444-300x165.jpg 300w, https:\/\/io.telkomuniversity.ac.id\/wp-content\/uploads\/2015\/06\/Cologne-North-Rhine-Westphalia-e1433924179444-255x140.jpg 255w\" sizes=\"auto, (max-width: 497px) 100vw, 497px\" \/><\/a>The most populous German state, North Rhine-Westphalia is located in the west of Germany and is home to approximately 17.5 million, some 22% of the nation\u2019s population. A prime location to study in Germany, North Rhine-Westphalia claims the highest number of top German universities (nine) and is home to the city of D\u00fcsseldorf (its capital) and Cologne (its largest city).\u00a0<strong>Rheinisch-Westf\u00e4lische Technische Hochschule<\/strong>Aachen is the top ranked university in North Rhine-Westphalia, at 147<sup>th<\/sup> in the world. It is the only TU9 member in the state and one of two institutions in the region to receive funding from the government\u2019s Excellence Initiative. The other is Universit\u00e4t K\u00f6ln.\u00a0The\u00a0top universities in\u00a0North Rhine-Westphalia\u00a0are:<\/p>\n<p style=\"text-align: justify;\"><a href=\"http:\/\/www.topuniversities.com\/universities\/rheinisch-westf%C3%A4lische-technische-hochschule-aachen\/undergrad\">Rheinisch-Westf\u00e4lische Technische Hochschule Aachen<\/a> (147<sup>th<\/sup> in the world; 9<sup>th<\/sup>\u00a0in Germany)<\/p>\n<ul style=\"text-align: justify;\">\n<li><a href=\"http:\/\/www.topuniversities.com\/universities\/rheinische-friedrich-wilhelms-universit%C3%A4t-bonn\/undergrad\">Rheinische Friedrich-Wilhelms-Universit\u00e4t Bonn<\/a> (177<sup>th<\/sup>\u00a0in the world; 11<sup>th<\/sup>\u00a0in Germany)<\/li>\n<li><a href=\"http:\/\/www.topuniversities.com\/universities\/westf%C3%A4lische-wilhelms-universit%C3%A4t-m%C3%BCnster\/undergrad\">Westf\u00e4lische Wilhelms-Universit\u00e4t M\u00fcnster<\/a> (249<sup>th<\/sup> in the world; 16=\u00a0in Germany)<\/li>\n<li><a href=\"http:\/\/www.topuniversities.com\/universities\/universit%C3%A4t-zu-k%C3%B6ln\/undergrad\">Universit\u00e4t zu K\u00f6ln<\/a> (305<sup>th<\/sup> in the world; 23<sup>rd<\/sup>\u00a0in Germany)<\/li>\n<li><a href=\"http:\/\/www.topuniversities.com\/universities\/ruhr-universit%C3%A4t-bochum\/undergrad\">Ruhr-Universit\u00e4t Bochum<\/a> (388<sup>th<\/sup> in the world; 28<sup>th<\/sup>\u00a0in Germany)<\/li>\n<li><a href=\"http:\/\/www.topuniversities.com\/universities\/universit%C3%A4t-d%C3%BCsseldorf\/undergrad\">Universit\u00e4t D\u00fcsseldorf<\/a> (411-420 in the world; 32<sup>nd<\/sup>\u00a0in Germany)<\/li>\n<li><a href=\"http:\/\/www.topuniversities.com\/universities\/technische-universit%C3%A4t-dortmund\/undergrad\">Technische Universit\u00e4t Dortmund<\/a> (TU Dortmund, 491-500 in the world; 36=\u00a0in Germany)<\/li>\n<li><a href=\"http:\/\/www.topuniversities.com\/universities\/universit%C3%A4t-bielefeld\/undergrad\">Universit\u00e4t Bielefeld<\/a> (501-550 in the world; 38=\u00a0in Germany)<\/li>\n<li><a href=\"http:\/\/www.topuniversities.com\/universities\/universit%C3%A4t-duisburg-essen\/undergrad\">Universit\u00e4t Duisburg-Essen<\/a> (501-550 in the world; 38=\u00a0in Germany)<\/li>\n<\/ul>\n<\/li>\n<li style=\"text-align: justify;\">\n<h2>Top universities in Baden-W\u00fcrttemberg<\/h2>\n<p><a href=\"https:\/\/io.telkomuniversity.ac.id\/wp-content\/uploads\/2015\/06\/Freiburg-im-Breisgau-city-Baden-Wuerttemberg.jpg\"><img loading=\"lazy\" decoding=\"async\" class=\"size-full wp-image-3237 alignleft\" src=\"https:\/\/io.telkomuniversity.ac.id\/wp-content\/uploads\/2015\/06\/Freiburg-im-Breisgau-city-Baden-Wuerttemberg-e1433924227190.jpg\" alt=\"Freiburg im Breisgau city, Baden-Wuerttemberg\" width=\"498\" height=\"282\" srcset=\"https:\/\/io.telkomuniversity.ac.id\/wp-content\/uploads\/2015\/06\/Freiburg-im-Breisgau-city-Baden-Wuerttemberg-e1433924227190.jpg 498w, https:\/\/io.telkomuniversity.ac.id\/wp-content\/uploads\/2015\/06\/Freiburg-im-Breisgau-city-Baden-Wuerttemberg-e1433924227190-300x170.jpg 300w, https:\/\/io.telkomuniversity.ac.id\/wp-content\/uploads\/2015\/06\/Freiburg-im-Breisgau-city-Baden-Wuerttemberg-e1433924227190-255x144.jpg 255w\" sizes=\"auto, (max-width: 498px) 100vw, 498px\" \/><\/a>The third largest German state in terms of both population and size, Baden-W\u00fcrttemberg\u00a0is home to 11 million people. As well as thriving automobile, engineering and metallurgical sectors, Baden-W\u00fcrttemberg is famous for its fairytale forests and historic towns. Baden-W\u00fcrttemberg is home to two TU9 members (<strong>Universit\u00e4t Stuttgart<\/strong> and <strong>Karlsruhe Institute of Technology<\/strong>, KIT) as well as the highest-ranked university at which to study in Germany \u2013<strong>Ruprecht-Karls-Universit\u00e4t <\/strong>Heidelberg.<\/p>\n<p>The capital and largest city of Baden-W\u00fcrttemberg is Stuttgart. The\u00a0top universities are:<\/p>\n<ul>\n<li><a href=\"http:\/\/www.topuniversities.com\/universities\/ruprecht-karls-universit%C3%A4t-heidelberg\/undergrad\">Ruprecht-Karls-Universit\u00e4t Heidelberg<\/a> (49<sup>th<\/sup> in the world; 1<sup>st<\/sup>\u00a0in Germany)<\/li>\n<li><a href=\"http:\/\/www.topuniversities.com\/universities\/universit%C3%A4t-freiburg\/undergrad\">Universit\u00e4t Freiburg<\/a> (121<sup>st<\/sup> in the world; 4<sup>th<\/sup>\u00a0in Germany)<\/li>\n<li><a href=\"http:\/\/www.topuniversities.com\/universities\/karlsruhe-institute-technology-kit\/undergrad\">Karlsruhe Institute of Technology<\/a> (KIT, 127<sup>th<\/sup> in the world; 5<sup>th<\/sup>\u00a0in Germany)<\/li>\n<li><a href=\"http:\/\/www.topuniversities.com\/universities\/eberhard-karls-universit%C3%A4t-t%C3%BCbingen\/undergrad\">Eberhard Karls Universit\u00e4t T\u00fcbingen<\/a> (141<sup>st<\/sup> in the world; 7<sup>th<\/sup>\u00a0in Germany)<\/li>\n<li><a href=\"http:\/\/www.topuniversities.com\/universities\/universit%C3%A4t-ulm\/undergrad\">Universit\u00e4t Ulm<\/a> (249<sup>th<\/sup> in the world; 16=\u00a0in Germany)<\/li>\n<li><a href=\"http:\/\/www.topuniversities.com\/universities\/universit%C3%A4t-stuttgart\/undergrad\">Universit\u00e4t Stuttgart<\/a> (274<sup>th<\/sup> in the world; 19<sup>th<\/sup>\u00a0in Germany)<\/li>\n<li><a href=\"http:\/\/www.topuniversities.com\/universities\/universit%C3%A4t-konstanz\/undergrad\">Universit\u00e4t Konstanz<\/a> (310<sup>th<\/sup> in the world; 24<sup>th<\/sup>\u00a0in Germany)<\/li>\n<li><a href=\"http:\/\/www.topuniversities.com\/universities\/universit%C3%A4t-mannheim\/undergrad\">Universit\u00e4t Mannheim<\/a> (328<sup>th<\/sup> in the world; 25<sup>th<\/sup>\u00a0in Germany)<\/li>\n<\/ul>\n<\/li>\n<li>\n<h2 style=\"text-align: justify;\">Top universities in Bavaria<strong><br \/>\n<\/strong><\/h2>\n<p style=\"text-align: justify;\"><a href=\"https:\/\/io.telkomuniversity.ac.id\/wp-content\/uploads\/2015\/06\/Franconia-Bavaria.jpg\"><img loading=\"lazy\" decoding=\"async\" class=\"wp-image-3235 size-full alignleft\" src=\"https:\/\/io.telkomuniversity.ac.id\/wp-content\/uploads\/2015\/06\/Franconia-Bavaria-e1433924551860.jpg\" alt=\"Franconia, Bavaria\" width=\"497\" height=\"282\" srcset=\"https:\/\/io.telkomuniversity.ac.id\/wp-content\/uploads\/2015\/06\/Franconia-Bavaria-e1433924551860.jpg 497w, https:\/\/io.telkomuniversity.ac.id\/wp-content\/uploads\/2015\/06\/Franconia-Bavaria-e1433924551860-300x170.jpg 300w, https:\/\/io.telkomuniversity.ac.id\/wp-content\/uploads\/2015\/06\/Franconia-Bavaria-e1433924551860-255x145.jpg 255w\" sizes=\"auto, (max-width: 497px) 100vw, 497px\" \/><\/a>The biggest state by size and the second-largest by population, Bavaria is home to 12.5 million people. With diverse industry in technology, engineering, beer and tourism (anyone for lederhosen?), the state\u2019s top two universities two are <strong>Ludwig-Maximilians-Universit\u00e4t M\u00fcnchen<\/strong> and <strong>Technische Universit\u00e4t M\u00fcnchen (TU M\u00fcnchen)<\/strong>, which both gain funding from the government\u2019s Excellence Initiative and one of which, TU M\u00fcnchen, is a member of TU9.<\/p>\n<p style=\"text-align: justify;\">Two of the top universities in Bavaria are located in M\u00fcnchen (aka Munich), the capital and largest city in the state. The\u00a0top universities in Bavaria\u00a0are:<\/p>\n<ul>\n<li style=\"text-align: justify;\"><a href=\"http:\/\/www.topuniversities.com\/universities\/ludwig-maximilians-universit%C3%A4t-m%C3%BCnchen\/undergrad\">Ludwig-Maximilians-Universit\u00e4t M\u00fcnchen<\/a> (52<sup>nd<\/sup> in the world; 2<sup>nd<\/sup>\u00a0in Germany)<\/li>\n<li style=\"text-align: justify;\"><a href=\"http:\/\/www.topuniversities.com\/universities\/technische-universit%C3%A4t-m%C3%BCnchen\/undergrad\">Technische Universit\u00e4t M\u00fcnchen<\/a> (TU M\u00fcnchen, 54<sup>th<\/sup> in the world; 3<sup>rd<\/sup>\u00a0in Germany)<\/li>\n<li style=\"text-align: justify;\"><a href=\"http:\/\/www.topuniversities.com\/universities\/universit%C3%A4t-erlangen-n%C3%BCrnberg\/undergrad\">Universit\u00e4t Erlangen-N\u00fcrnberg<\/a> (285<sup>th<\/sup> in the world; 20<sup>th<\/sup>\u00a0in Germany)<\/li>\n<li style=\"text-align: justify;\"><a href=\"http:\/\/www.topuniversities.com\/universities\/julius-maximilians-universit%C3%A4t-w%C3%BCrzburg\/undergrad\">Julius-Maximilians-Universit\u00e4t W\u00fcrzburg<\/a> (341<sup>st<\/sup> in the world; 26<sup>th<\/sup>\u00a0in Germany)<\/li>\n<li style=\"text-align: justify;\"><a href=\"http:\/\/www.topuniversities.com\/universities\/universit%C3%A4t-regensburg\/undergrad\">Universit\u00e4t Regensburg<\/a> (395<sup>th<\/sup> in the world; 29<sup>th<\/sup>\u00a0in Germany)<\/li>\n<li style=\"text-align: justify;\"><a href=\"http:\/\/www.topuniversities.com\/universities\/universit%C3%A4t-bayreuth\/undergrad\">Universit\u00e4t Bayreuth<\/a> (481-490 in the world; 35<sup>th<\/sup>\u00a0in Germany)<\/li>\n<\/ul>\n<\/li>\n<\/ol>\n<p>visit :\u00a0<a href=\"http:\/\/www.topuniversities.com\/where-to-study\/europe\/germany\/top-universities-germany-state-201415\">Top University in German<\/a>\u00a0for more information<\/p>","protected":false},"excerpt":{"rendered":"<p>Located in central Europe, Germany is made up of the North German Plain, the Central German Uplands (Mittelgebirge), and the Southern German Highlands. The Bavarian plateau in the southwest averages 1,600 ft (488 m) above sea level, but it reaches 9,721 ft (2,962 m) in the Zugspitze Mountains, the highest point in the country. Germany&#8217;s [&hellip;]<\/p>\n","protected":false},"author":3,"featured_media":0,"parent":0,"menu_order":0,"comment_status":"open","ping_status":"closed","template":"","meta":{"footnotes":""},"class_list":["post-3229","page","type-page","status-publish","hentry"],"_links":{"self":[{"href":"https:\/\/io.telkomuniversity.ac.id\/id\/wp-json\/wp\/v2\/pages\/3229","targetHints":{"allow":["GET"]}}],"collection":[{"href":"https:\/\/io.telkomuniversity.ac.id\/id\/wp-json\/wp\/v2\/pages"}],"about":[{"href":"https:\/\/io.telkomuniversity.ac.id\/id\/wp-json\/wp\/v2\/types\/page"}],"author":[{"embeddable":true,"href":"https:\/\/io.telkomuniversity.ac.id\/id\/wp-json\/wp\/v2\/users\/3"}],"replies":[{"embeddable":true,"href":"https:\/\/io.telkomuniversity.ac.id\/id\/wp-json\/wp\/v2\/comments?post=3229"}],"version-history":[{"count":0,"href":"https:\/\/io.telkomuniversity.ac.id\/id\/wp-json\/wp\/v2\/pages\/3229\/revisions"}],"wp:attachment":[{"href":"https:\/\/io.telkomuniversity.ac.id\/id\/wp-json\/wp\/v2\/media?parent=3229"}],"curies":[{"name":"wp","href":"https:\/\/api.w.org\/{rel}","templated":true}]}}